{"id":206,"date":"2015-07-17T14:33:06","date_gmt":"2015-07-17T13:33:06","guid":{"rendered":"https:\/\/www.jantienkahn.nl\/?page_id=206"},"modified":"2024-09-10T12:00:48","modified_gmt":"2024-09-10T11:00:48","slug":"jantienkahn_bio","status":"publish","type":"page","link":"https:\/\/www.jantienkahn.nl\/fr\/jantienkahn_bio\/","title":{"rendered":"Artiste"},"content":{"rendered":"<h4 style=\"text-align: left;\">Jantien Kahn (1972), sculptrice sur pierre Hollandaise, vit et travaille \u00e0 Amsterdam (Pays-Bas) et en Bretagne. Apr\u00e8s d\u2019avoir fait une r\u00e9sidence de cr\u00e9ation en Bretagne (C\u00f4tes d&#8217;Armor) en 2014, Jantien d\u00e9cide sans h\u00e9sitation d\u2019installer son atelier dans le d\u00e9partement. Son atelier breton est nich\u00e9e entre terre et mer dans la commune de H\u00e9non, dans une des granges d&#8217;une ancienne ferme. Les paysages et le littoral Breton sont une source d\u2019inspiration pour son travail sculptural.<\/h4>\n<hr \/>\n<h4>Apr\u00e8s des \u00e9tudes d\u2019art-th\u00e9rapie (1996-2000), Jantien a pris des cours de sculpture avec de sculpteurs sur pierre n\u00e9erlandais renomm\u00e9s. Depuis 2003, Jantien est sculpteur \u00e0 temps plein. Ses sculptures sont r\u00e9guli\u00e8rement expos\u00e9es aux Pays-Bas, en Angleterre et en France. Au fil des ann\u00e9es, ses oeuvres trouvent leurs places dans des collections priv\u00e9es en Hollande, Angleterre, Allemagne, Danemark et m\u00eame en Hong-Kong.<\/h4>\n<hr \/>\n<h4>Le choix de la pierre est essentiel pour Jantien. Elle travaille soigneusement les surfaces de ses sculptures, exposant les couleurs et les structures extraordinaires de la pierre. Le travail d\u00e9licat au burin et le polissage de chacune des sculptures de Jantien Kahn sont minutieusement et m\u00e9ticuleusement finis \u00e0 la main.\u00a0 Elle est capable de projeter les qualit\u00e9s majestueuses de la pierre, reliant la duret\u00e9 \u00e0 la douceur et lib\u00e9rant ce qui est cach\u00e9.<\/h4>\n<hr \/>\n<p><b>Traces de temps<\/b><\/p>\n<h4><i>&#8216;L\u2019essence de mon art est le mouvement continu de l\u2019\u00e9volution. Dans mon travail, j\u2019\u00e9tablit des parall\u00e8les entre le cycle des saisons et des mar\u00e9es et l\u2019histoire de ma propre vie. La nature se renouvelle et se d\u00e9veloppe et \u00e0 chaque changement, quelque chose de l\u2019\u00e9tape pr\u00e9c\u00e9dente demeure. D\u2019une fa\u00e7on tr\u00e8s abstraite, mes sculptures nous parlent des g\u00e9n\u00e9rations qui se succ\u00e8dent, des personnes qui grandissent, de la connexion entre pass\u00e9, pr\u00e9sent et avenir.<\/i><\/h4>\n<h4><em>J\u2019ai toujours eu un amour et une fascination profonde pour les pierres. Leur antiquit\u00e9 et leur beaut\u00e9 sont pour elle un havre d\u2019expression. La mati\u00e8re \u2018pierre\u2019 contient les traces d\u2019un pass\u00e9 lointain. Cette mati\u00e8re premi\u00e8re a son propre rythme et elle ne peut que dans une certaine mesure \u00eatre forc\u00e9 par le temps et la main qui le travaille. Ce rythme correspond parfaitement \u00e0 mon rythme, apportant la tranquillit\u00e9 et la d\u00e9termination n\u00e9cessaire \u00e0 mon travail.&#8217;<\/em><\/h4>\n<h4 style=\"text-align: center;\"><em><style id=\"bwg-style-0\">    #bwg_container1_0 #bwg_container2_0 .bwg-container-0.bwg-standard-thumbnails {      width: 904px;              justify-content: center;        margin:0 auto !important;              background-color: rgba(255, 255, 255, 0.00);            padding-left: 4px;      padding-top: 4px;      max-width: 100%;            }        #bwg_container1_0 #bwg_container2_0 .bwg-container-0.bwg-standard-thumbnails .bwg-item {    justify-content: flex-start;      max-width: 180px;            width: 180px !important;          }    #bwg_container1_0 #bwg_container2_0 .bwg-container-0.bwg-standard-thumbnails .bwg-item a {       margin-right: 4px;       margin-bottom: 4px;    }    #bwg_container1_0 #bwg_container2_0 .bwg-container-0.bwg-standard-thumbnails .bwg-item0 {      padding: 0px;            background-color:rgba(255,255,255, 0.30);      border: 0px none #CCCCCC;      opacity: 1.00;      border-radius: 0;      box-shadow: 0px 0px 0px #888888;    }    #bwg_container1_0 #bwg_container2_0 .bwg-container-0.bwg-standard-thumbnails .bwg-item1 img {      max-height: none;      max-width: none;      padding: 0 !important;    }        @media only screen and (min-width: 480px) {      #bwg_container1_0 #bwg_container2_0 .bwg-container-0.bwg-standard-thumbnails .bwg-item0 {        transition: all 0.3s ease 0s;-webkit-transition: all 0.3s ease 0s;      }      #bwg_container1_0 #bwg_container2_0 .bwg-container-0.bwg-standard-thumbnails .bwg-item0:hover {        -ms-transform: scale(1.1);        -webkit-transform: scale(1.1);        transform: scale(1.1);      }    }          #bwg_container1_0 #bwg_container2_0 .bwg-container-0.bwg-standard-thumbnails .bwg-item1 {      padding-top: 100%;    }        #bwg_container1_0 #bwg_container2_0 .bwg-container-0.bwg-standard-thumbnails .bwg-title2,    #bwg_container1_0 #bwg_container2_0 .bwg-container-0.bwg-standard-thumbnails .bwg-ecommerce2 {      color: #CCCCCC;      font-family: segoe ui;      font-size: 16px;      font-weight: bold;      padding: 2px;      text-shadow: 0px 0px 0px #888888;      max-height: 100%;    }    #bwg_container1_0 #bwg_container2_0 .bwg-container-0.bwg-standard-thumbnails .bwg-thumb-description span {    color: #323A45;    font-family: Ubuntu;    font-size: 12px;    max-height: 100%;    word-wrap: break-word;    }    #bwg_container1_0 #bwg_container2_0 .bwg-container-0.bwg-standard-thumbnails .bwg-play-icon2 {      font-size: 32px;    }    #bwg_container1_0 #bwg_container2_0 .bwg-container-0.bwg-standard-thumbnails .bwg-ecommerce2 {      font-size: 19.2px;      color: #CCCCCC;    }    <\/style>    <div id=\"bwg_container1_0\"         class=\"bwg_container bwg_thumbnail bwg_thumbnails \"         data-right-click-protection=\"0\"         data-bwg=\"0\"         data-scroll=\"0\"         data-gallery-type=\"thumbnails\"         data-gallery-view-type=\"thumbnails\"         data-current-url=\"\/fr\/wp-json\/wp\/v2\/pages\/206\"         data-lightbox-url=\"https:\/\/www.jantienkahn.nl\/wp-admin\/admin-ajax.php?action=GalleryBox&#038;current_view=0&#038;gallery_id=1&#038;tag=0&#038;theme_id=1&#038;shortcode_id=34&#038;sort_by=order&#038;order_by=asc&#038;current_url=%2Ffr%2Fwp-json%2Fwp%2Fv2%2Fpages%2F206\"         data-gallery-id=\"1\"         data-popup-width=\"800\"         data-popup-height=\"500\"         data-is-album=\"gallery\"         data-buttons-position=\"bottom\">      <div id=\"bwg_container2_0\">             <div id=\"ajax_loading_0\" class=\"bwg_loading_div_1\">      <div class=\"bwg_loading_div_2\">        <div class=\"bwg_loading_div_3\">          <div id=\"loading_div_0\" class=\"bwg_spider_ajax_loading\">          <\/div>        <\/div>      <\/div>    <\/div>            <form id=\"gal_front_form_0\"              class=\"bwg-hidden\"              method=\"post\"              action=\"#\"              data-current=\"0\"              data-shortcode-id=\"34\"              data-gallery-type=\"thumbnails\"              data-gallery-id=\"1\"              data-tag=\"0\"              data-album-id=\"0\"              data-theme-id=\"1\"              data-ajax-url=\"https:\/\/www.jantienkahn.nl\/wp-admin\/admin-ajax.php?action=bwg_frontend_data\">          <div id=\"bwg_container3_0\" class=\"bwg-background bwg-background-0\">                <div data-max-count=\"5\"         data-thumbnail-width=\"180\"         data-bwg=\"0\"         data-gallery-id=\"1\"         data-lightbox-url=\"https:\/\/www.jantienkahn.nl\/wp-admin\/admin-ajax.php?action=GalleryBox&amp;current_view=0&amp;gallery_id=1&amp;tag=0&amp;theme_id=1&amp;shortcode_id=34&amp;sort_by=order&amp;order_by=asc&amp;current_url=%2Ffr%2Fwp-json%2Fwp%2Fv2%2Fpages%2F206\"         id=\"bwg_thumbnails_0\"         class=\"bwg-container-0 bwg-thumbnails bwg-standard-thumbnails bwg-container bwg-border-box\">            <div class=\"bwg-item\">        <a class=\"bwg-a  bwg_lightbox\"  data-image-id=\"141\" href=\"https:\/\/www.jantienkahn.nl\/wp-content\/uploads\/photo-gallery\/Jantien_aan%20t%20werk%20(1).jpg?bwg=1619359458\" data-elementor-open-lightbox=\"no\">                <div class=\"bwg-item0  lazy_loader \">          <div class=\"bwg-item1 \">            <div class=\"bwg-item2\">              <img decoding=\"async\" class=\"skip-lazy bwg_standart_thumb_img_0  bwg_lazyload \"                   data-id=\"141\"                   data-width=\"\"                   data-height=\"\"                   data-src=\"https:\/\/www.jantienkahn.nl\/wp-content\/uploads\/photo-gallery\/thumb\/Jantien_aan%20t%20werk%20(1).jpg?bwg=1619359458\"                   src=\"https:\/\/www.jantienkahn.nl\/wp-content\/plugins\/photo-gallery\/images\/lazy_placeholder.gif\"                   alt=\"Jantien_aan t werk (1)  \"                   title=\"Jantien_aan t werk (1)  \" \/>            <\/div>            <div class=\"\">                                                      <\/div>          <\/div>        <\/div>                        <\/a>              <\/div>            <div class=\"bwg-item\">        <a class=\"bwg-a  bwg_lightbox\"  data-image-id=\"137\" href=\"https:\/\/www.jantienkahn.nl\/wp-content\/uploads\/photo-gallery\/Atelier%20Jantien%20(1).JPG?bwg=1619359458\" data-elementor-open-lightbox=\"no\">                <div class=\"bwg-item0  lazy_loader \">          <div class=\"bwg-item1 \">            <div class=\"bwg-item2\">              <img decoding=\"async\" class=\"skip-lazy bwg_standart_thumb_img_0  bwg_lazyload \"                   data-id=\"137\"                   data-width=\"\"                   data-height=\"\"                   data-src=\"https:\/\/www.jantienkahn.nl\/wp-content\/uploads\/photo-gallery\/thumb\/Atelier%20Jantien%20(1).JPG?bwg=1619359458\"                   src=\"https:\/\/www.jantienkahn.nl\/wp-content\/plugins\/photo-gallery\/images\/lazy_placeholder.gif\"                   alt=\"Atelier Jantien (1)  \"                   title=\"Atelier Jantien (1)  \" \/>            <\/div>            <div class=\"\">                                                      <\/div>          <\/div>        <\/div>                        <\/a>              <\/div>            <div class=\"bwg-item\">        <a class=\"bwg-a  bwg_lightbox\"  data-image-id=\"140\" href=\"https:\/\/www.jantienkahn.nl\/wp-content\/uploads\/photo-gallery\/Jantien%20werkt%20op%20de%20cour,%20Moncontour,%20maart%202015%20(1).jpg?bwg=1619359458\" data-elementor-open-lightbox=\"no\">                <div class=\"bwg-item0  lazy_loader \">          <div class=\"bwg-item1 \">            <div class=\"bwg-item2\">              <img decoding=\"async\" class=\"skip-lazy bwg_standart_thumb_img_0  bwg_lazyload \"                   data-id=\"140\"                   data-width=\"\"                   data-height=\"\"                   data-src=\"https:\/\/www.jantienkahn.nl\/wp-content\/uploads\/photo-gallery\/thumb\/Jantien%20werkt%20op%20de%20cour,%20Moncontour,%20maart%202015%20(1).jpg?bwg=1619359458\"                   src=\"https:\/\/www.jantienkahn.nl\/wp-content\/plugins\/photo-gallery\/images\/lazy_placeholder.gif\"                   alt=\"Jantien werkt op de cour, Moncontour, maart 2015 (1)  \"                   title=\"Jantien werkt op de cour, Moncontour, maart 2015 (1)  \" \/>            <\/div>            <div class=\"\">                                                      <\/div>          <\/div>        <\/div>                        <\/a>              <\/div>            <div class=\"bwg-item\">        <a class=\"bwg-a  bwg_lightbox\"  data-image-id=\"138\" href=\"https:\/\/www.jantienkahn.nl\/wp-content\/uploads\/photo-gallery\/Atelier%20met%20beeld%20zwaan.JPG?bwg=1619359458\" data-elementor-open-lightbox=\"no\">                <div class=\"bwg-item0  lazy_loader \">          <div class=\"bwg-item1 \">            <div class=\"bwg-item2\">              <img decoding=\"async\" class=\"skip-lazy bwg_standart_thumb_img_0  bwg_lazyload \"                   data-id=\"138\"                   data-width=\"\"                   data-height=\"\"                   data-src=\"https:\/\/www.jantienkahn.nl\/wp-content\/uploads\/photo-gallery\/thumb\/Atelier%20met%20beeld%20zwaan.JPG?bwg=1619359458\"                   src=\"https:\/\/www.jantienkahn.nl\/wp-content\/plugins\/photo-gallery\/images\/lazy_placeholder.gif\"                   alt=\"Atelier met beeld zwaan  \"                   title=\"Atelier met beeld zwaan  \" \/>            <\/div>            <div class=\"\">                                                      <\/div>          <\/div>        <\/div>                        <\/a>              <\/div>            <div class=\"bwg-item\">        <a class=\"bwg-a  bwg_lightbox\"  data-image-id=\"139\" href=\"https:\/\/www.jantienkahn.nl\/wp-content\/uploads\/photo-gallery\/Jantien%20Kahn%20werkt%20in%20Pl\u00e9my,%20Bretagne%202015.JPG?bwg=1619359458\" data-elementor-open-lightbox=\"no\">                <div class=\"bwg-item0  lazy_loader \">          <div class=\"bwg-item1 \">            <div class=\"bwg-item2\">              <img decoding=\"async\" class=\"skip-lazy bwg_standart_thumb_img_0  bwg_lazyload \"                   data-id=\"139\"                   data-width=\"\"                   data-height=\"\"                   data-src=\"https:\/\/www.jantienkahn.nl\/wp-content\/uploads\/photo-gallery\/thumb\/Jantien%20Kahn%20werkt%20in%20Pl\u00e9my,%20Bretagne%202015.JPG?bwg=1619359458\"                   src=\"https:\/\/www.jantienkahn.nl\/wp-content\/plugins\/photo-gallery\/images\/lazy_placeholder.gif\"                   alt=\"Jantien Kahn werkt in Pl\u00e9my, Bretagne 2015  \"                   title=\"Jantien Kahn werkt in Pl\u00e9my, Bretagne 2015  \" \/>            <\/div>            <div class=\"\">                                                      <\/div>          <\/div>        <\/div>                        <\/a>              <\/div>          <\/div>    <style>      \/*pagination styles*\/      #bwg_container1_0 #bwg_container2_0 .tablenav-pages_0 {\t\t\t\ttext-align: center;\t\t\t\tfont-size: 12px;\t\t\t\tfont-family: segoe ui;\t\t\t\tfont-weight: bold;\t\t\t\tcolor: #666666;\t\t\t\tmargin: 6px 0 4px;\t\t\t\tdisplay: block;      }      @media only screen and (max-width : 320px) {      #bwg_container1_0 #bwg_container2_0 .displaying-num_0 {     \t display: none;      }      }      #bwg_container1_0 #bwg_container2_0 .displaying-num_0 {\t\t\t\tfont-size: 12px;\t\t\t\tfont-family: segoe ui;\t\t\t\tfont-weight: bold;\t\t\t\tcolor: #666666;\t\t\t\tmargin-right: 10px;\t\t\t\tvertical-align: middle;      }      #bwg_container1_0 #bwg_container2_0 .paging-input_0 {\t\t\t\tfont-size: 12px;\t\t\t\tfont-family: segoe ui;\t\t\t\tfont-weight: bold;\t\t\t\tcolor: #666666;\t\t\t\tvertical-align: middle;      }      #bwg_container1_0 #bwg_container2_0 .tablenav-pages_0 a.disabled,      #bwg_container1_0 #bwg_container2_0 .tablenav-pages_0 a.disabled:hover,      #bwg_container1_0 #bwg_container2_0 .tablenav-pages_0 a.disabled:focus,\t\t\t#bwg_container1_0 #bwg_container2_0 .tablenav-pages_0 input.bwg_current_page {\t\t\t\tcursor: default;\t\t\t\tcolor: rgba(102, 102, 102, 0.5);      }      #bwg_container1_0 #bwg_container2_0 .tablenav-pages_0 a,      #bwg_container1_0 #bwg_container2_0 .tablenav-pages_0 input.bwg_current_page {\t\t\t\tcursor: pointer;\t\t\t\ttext-align: center;\t\t\t\tfont-size: 12px;\t\t\t\tfont-family: segoe ui;\t\t\t\tfont-weight: bold;\t\t\t\tcolor: #666666;\t\t\t\ttext-decoration: none;\t\t\t\tpadding: 3px 6px;\t\t\t\tmargin: 0;\t\t\t\tborder-radius: 0;\t\t\t\tborder-style: solid;\t\t\t\tborder-width: 1px;\t\t\t\tborder-color: #E3E3E3;\t\t\t\t\t\t\t\tbackground-color: rgba(255, 255, 255, 1.00);\t\t\t\tbox-shadow: 0;\t\t\t\ttransition: all 0.3s ease 0s;-webkit-transition: all 0.3s ease 0s;      }      <\/style>      <span class=\"bwg_nav_cont_0\">              <div class=\"tablenav-pages_0\">                  <\/div>                <input type=\"hidden\" id=\"page_number_0\" name=\"page_number_0\" value=\"1\" \/>      <script type=\"text\/javascript\">        if( jQuery('.bwg_nav_cont_0').length > 1 ) {          jQuery('.bwg_nav_cont_0').first().remove()        }        function spider_page_0(cur, x, y, load_more) {          if (typeof load_more == \"undefined\") {            var load_more = false;          }          if (jQuery(cur).hasClass('disabled')) {            return false;          }          var items_county_0 = 1;          switch (y) {            case 1:              if (x >= items_county_0) {                document.getElementById('page_number_0').value = items_county_0;              }              else {                document.getElementById('page_number_0').value = x + 1;              }              break;            case 2:              document.getElementById('page_number_0').value = items_county_0;              break;            case -1:              if (x == 1) {                document.getElementById('page_number_0').value = 1;              }              else {                document.getElementById('page_number_0').value = x - 1;              }              break;            case -2:              document.getElementById('page_number_0').value = 1;              break;\t\t\t\t\t\tcase 0:              document.getElementById('page_number_0').value = x;              break;            default:              document.getElementById('page_number_0').value = 1;          }          bwg_ajax('gal_front_form_0', '0', 'bwg_thumbnails_0', '0', '', 'gallery', 0, '', '', load_more, '', 1);        }                    jQuery('.first-page-0').on('click', function () {              spider_page_0(this, 1, -2, 'numeric');              return false;            });            jQuery('.prev-page-0').on('click', function () {              spider_page_0(this, 1, -1, 'numeric');              return false;            });            jQuery('.next-page-0').on('click', function () {              spider_page_0(this, 1, 1, 'numeric');              return false;            });            jQuery('.last-page-0').on('click', function () {              spider_page_0(this, 1, 2, 'numeric');              return false;            });        \t\t\t\t\/* Change page on input enter. *\/        function bwg_change_page_0( e, that ) {          if (  e.key == 'Enter' ) {            var to_page = parseInt(jQuery(that).val());            var pages_count = jQuery(that).parents(\".pagination-links\").data(\"pages-count\");            var current_url_param = jQuery(that).attr('data-url-info');            if (to_page > pages_count) {              to_page = 1;            }\t \t\t\t\t\t\t\t\t\t\t\t\tspider_page_0(this, to_page, 0, 'numeric');\t\t\t\t\t\t\treturn false;\t\t\t\t\t\t          }          return true;        }        jQuery('.bwg_load_btn_0').on('click', function () {            spider_page_0(this, 1, 1, true);            return false;        });      <\/script>      <\/span>                <\/div>        <\/form>        <style>          #bwg_container1_0 #bwg_container2_0 #spider_popup_overlay_0 {          background-color: #000000;          opacity: 0.70;          }          <\/style>        <div id=\"bwg_spider_popup_loading_0\" class=\"bwg_spider_popup_loading\"><\/div>        <div id=\"spider_popup_overlay_0\" class=\"spider_popup_overlay\" onclick=\"spider_destroypopup(1000)\"><\/div>        <input type=\"hidden\" id=\"bwg_random_seed_0\" value=\"1966324555\">                <\/div>    <\/div>    <script>      if (document.readyState === 'complete') {        if( typeof bwg_main_ready == 'function' ) {          if ( jQuery(\"#bwg_container1_0\").height() ) {            bwg_main_ready(jQuery(\"#bwg_container1_0\"));          }        }      } else {        document.addEventListener('DOMContentLoaded', function() {          if( typeof bwg_main_ready == 'function' ) {            if ( jQuery(\"#bwg_container1_0\").height() ) {             bwg_main_ready(jQuery(\"#bwg_container1_0\"));            }          }        });      }    <\/script>    <\/p>\n<p><\/em><\/h4>\n<h4 style=\"text-align: center;\"><em><br \/>\nChaque sculpture est le r\u00e9sultat d&#8217;un processus passionnant et joyeux<br \/>\n\u00e0 ramener \u00e0 la surface <\/em><em>ce qui est contenu \u00e0 l&#8217;int\u00e9rieur,<br \/>\net de r\u00e9v\u00e9ler le cach\u00e9,<br \/>\ntout en r\u00e9conciliant la duret\u00e9 et la douceur, la force et la fragilit\u00e9<\/em><\/h4>\n<pre style=\"text-align: center;\">Vid\u00e9o sur Jantien Kahn:<\/pre>\n<p style=\"text-align: center;\">\r\n\t\t\t\t\t\n\r\n\t\t\t\t\t<!-- START UNITE GALLERY 1.7.62 -->\r\n\t\t\t\t\t\r\n\t\t\t\t\n\t\t\t<div id='unitegallery_107_1' class='unite-gallery' style='margin:0px auto;'>\n\t\t\t\t\n\n\t\t\t\t\t\t<img alt=\"Sur Jantien Kahn 2020\"\n\t\t\t\t\t\t    data-type=\"youtube\"  src=\"\" data-image=\"https:\/\/img.youtube.com\/vi\/oK2FBcgahtY\/sddefault.jpg\"\n\t\t\t\t\t\t     data-thumb=\"https:\/\/img.youtube.com\/vi\/oK2FBcgahtY\/mqdefault.jpg\"\n\t\t\t\t\t\t     title=\"Vid\u00e9o sur sculpteur sur pierre Jantien Kahn qui travaille en Bretagne (C\u00f4tes d&#039;Armor) et \u00e0 Amsterdam\"\n\t\t\t\t\t\t     data-videoid=\"oK2FBcgahtY\" style=\"display:none\">\n\t\t\t<\/div>\n\n\t\t\t<script type='text\/javascript'>\n\t\t\t\twindow.onload = function(e) {\n\t\t\t\t\tif(typeof ugCheckForErrors == \"undefined\"){\n\t\t\t\t\t\tdocument.getElementById(\"unitegallery_107_1\").innerHTML = \"<span style='color:red'>Unite Gallery Error - gallery js and css files not included in the footer. Please make sure that wp_footer() function is added to your theme.<\/span>\";}\n\t\t\t\t\telse{ ugCheckForErrors(\"unitegallery_107_1\", \"jquery\");}\n\t\t\t\t};\n\t\t\t<\/script>\n\n\t\t\t<!-- END UNITEGALLERY --><\/p>\n","protected":false},"excerpt":{"rendered":"<p>Jantien Kahn (1972), sculptrice sur pierre Hollandaise, vit et travaille \u00e0 Amsterdam (Pays-Bas) et en Bretagne. Apr\u00e8s d\u2019avoir fait une r\u00e9sidence de cr\u00e9ation en Bretagne (C\u00f4tes d&#8217;Armor) en 2014, Jantien d\u00e9cide sans h\u00e9sitation d\u2019installer son atelier dans le d\u00e9partement. Son atelier breton est nich\u00e9e entre terre et mer dans la commune de H\u00e9non, dans une [&hellip;]<\/p>\n","protected":false},"author":1,"featured_media":22,"parent":0,"menu_order":0,"comment_status":"closed","ping_status":"closed","template":"templates\/full-width-page.php","meta":{"footnotes":""},"class_list":["post-206","page","type-page","status-publish","has-post-thumbnail","hentry"],"translation":{"provider":"WPGlobus","version":"3.0.0","language":"fr","enabled_languages":["nl","en","fr"],"languages":{"nl":{"title":true,"content":true,"excerpt":false},"en":{"title":true,"content":true,"excerpt":false},"fr":{"title":true,"content":true,"excerpt":false}}},"_links":{"self":[{"href":"https:\/\/www.jantienkahn.nl\/fr\/wp-json\/wp\/v2\/pages\/206","targetHints":{"allow":["GET"]}}],"collection":[{"href":"https:\/\/www.jantienkahn.nl\/fr\/wp-json\/wp\/v2\/pages"}],"about":[{"href":"https:\/\/www.jantienkahn.nl\/fr\/wp-json\/wp\/v2\/types\/page"}],"author":[{"embeddable":true,"href":"https:\/\/www.jantienkahn.nl\/fr\/wp-json\/wp\/v2\/users\/1"}],"replies":[{"embeddable":true,"href":"https:\/\/www.jantienkahn.nl\/fr\/wp-json\/wp\/v2\/comments?post=206"}],"version-history":[{"count":157,"href":"https:\/\/www.jantienkahn.nl\/fr\/wp-json\/wp\/v2\/pages\/206\/revisions"}],"predecessor-version":[{"id":5186,"href":"https:\/\/www.jantienkahn.nl\/fr\/wp-json\/wp\/v2\/pages\/206\/revisions\/5186"}],"wp:featuredmedia":[{"embeddable":true,"href":"https:\/\/www.jantienkahn.nl\/fr\/wp-json\/wp\/v2\/media\/22"}],"wp:attachment":[{"href":"https:\/\/www.jantienkahn.nl\/fr\/wp-json\/wp\/v2\/media?parent=206"}],"curies":[{"name":"wp","href":"https:\/\/api.w.org\/{rel}","templated":true}]}}