{"id":234,"date":"2015-07-17T16:22:23","date_gmt":"2015-07-17T15:22:23","guid":{"rendered":"https:\/\/www.jantienkahn.nl\/?page_id=234"},"modified":"2021-12-15T12:43:03","modified_gmt":"2021-12-15T11:43:03","slug":"cv","status":"publish","type":"page","link":"https:\/\/www.jantienkahn.nl\/fr\/cv\/","title":{"rendered":"CV"},"content":{"rendered":"<table style=\"height: 756px;\" width=\"1048\">\n<tbody>\n<tr>\n<td colspan=\"3\">\n<h4><span style=\"text-decoration: underline;\"><strong><span style=\"color: #000000; text-decoration: underline;\">EXP\u00c9RIENCE<\/span><\/strong><\/span><\/h4>\n<\/td>\n<\/tr>\n<tr>\n<td>\n<h4><strong><span style=\"color: #000000;\">2015 \u00a0 \u00a0 \u00a0 \u00a0 \u00a0 \u00a0<\/span><\/strong><\/h4>\n<\/td>\n<td>\n<h4><span style=\"color: #000000;\">Artiste en r\u00e9sidence, La R\u00e9sidence des Arts, Moncontour\u00a0<\/span><\/h4>\n<\/td>\n<td>\n<h4><span style=\"color: #000000;\">Kalmthout (B)<\/span><\/h4>\n<\/td>\n<\/tr>\n<tr>\n<td>\n<h4><span style=\"color: #000000;\"><strong>2014 \u00a0 \u00a0 \u00a0 \u00a0 \u00a0\u00a0<\/strong><\/span><\/h4>\n<\/td>\n<td>\n<h4><span style=\"color: #000000;\">Artiste en r\u00e9sidence, La R\u00e9sidence des Arts, Moncontour<\/span><\/h4>\n<\/td>\n<td>\n<h4><span style=\"color: #000000;\">Bretagne (FR)<\/span><\/h4>\n<\/td>\n<\/tr>\n<tr>\n<td>\n<h4><span style=\"color: #000000;\"><strong>2013-pr\u00e9sent<\/strong><\/span><\/h4>\n<\/td>\n<td>\n<h4><span style=\"color: #000000;\">Entrepreneur \u00e0 &#8216;Kahn-Ehlhart Consult &amp; Creatie&#8217;<\/span><\/h4>\n<\/td>\n<td>\n<h4><span style=\"color: #000000;\">Amsterdam (NL)<\/span><\/h4>\n<\/td>\n<\/tr>\n<tr>\n<td>\n<h4><span style=\"color: #000000;\"><strong>2009-20<\/strong><\/span><strong><span style=\"color: #000000;\">12 \u00a0<\/span><\/strong><\/h4>\n<\/td>\n<td>\n<h4><span style=\"color: #000000;\">Conf\u00e9rences sur la sculpture sur pierre, la cr\u00e9ativit\u00e9 et le design<\/span><\/h4>\n<\/td>\n<td>\n<h4><span style=\"color: #000000;\">Bretagne\u00a0<\/span><span style=\"color: #000000; font-family: inherit; font-size: inherit; line-height: 1.5;\">(FR)<\/span><\/h4>\n<\/td>\n<\/tr>\n<tr>\n<td>\n<h4><span style=\"color: #000000;\"><strong>2008-2012 \u00a0<\/strong><\/span><\/h4>\n<\/td>\n<td>\n<h4><span style=\"color: #000000;\">Enseigner la sculpture sur pierre et l&#8217;organisation d&#8217;ateliers<\/span><\/h4>\n<\/td>\n<td>\n<h4><span style=\"color: #000000;\">Bretagne\u00a0<\/span><span style=\"color: #000000;\">(FR)<\/span><\/h4>\n<\/td>\n<\/tr>\n<tr>\n<td>\n<h4><span style=\"color: #000000;\"><strong>2007-<\/strong><strong>2012<\/strong><\/span><\/h4>\n<\/td>\n<td>\n<h4><span style=\"color: #000000;\">Entrepreneur &#8216;De Beeldhouwwinkel\u00a0Amsterdam&#8217;, boutique pour les mat\u00e9riaux de sculpteur<\/span><\/h4>\n<\/td>\n<td>\n<h4><span style=\"color: #000000;\">Amsterdam (NL)<\/span><\/h4>\n<\/td>\n<\/tr>\n<tr>\n<td>\n<h4><span style=\"color: #000000;\"><strong>2003-pr\u00e9sent \u00a0 \u00a0\u00a0<\/strong><\/span><\/h4>\n<\/td>\n<td>\n<h4><span style=\"color: #000000;\">Sculpteur sur\u00a0pierre professionnel<\/span><\/h4>\n<\/td>\n<td>\n<h4><span style=\"color: #000000;\">NL, FR<\/span><\/h4>\n<\/td>\n<\/tr>\n<tr>\n<td>\n<h4><span style=\"color: #000000;\"><strong>2002 \u00a0 \u00a0 \u00a0 \u00a0 \u00a0 \u00a0\u00a0<\/strong><\/span><\/h4>\n<\/td>\n<td>\n<h4><span style=\"color: #000000;\">Assistant \u00e0 la fabrication du Monument esclavage \u00e0 Amsterdam-Est<\/span><\/h4>\n<\/td>\n<td>\n<h4><span style=\"color: #000000;\">Amsterdam\u00a0(NL)<\/span><\/h4>\n<\/td>\n<\/tr>\n<tr>\n<td>\n<h4><span style=\"color: #000000;\"><strong>2001 &#8211; 2002 \u00a0<\/strong><\/span><\/h4>\n<\/td>\n<td>\n<h4><span style=\"color: #000000;\">Moules et mod\u00e8les en cire de coul\u00e9e, Foundry Stijlaart<\/span><\/h4>\n<\/td>\n<td>\n<h4 style=\"text-align: left;\"><span style=\"color: #000000;\">Tiel (NL) \u00a0<\/span><\/h4>\n<\/td>\n<\/tr>\n<tr>\n<td>\n<h4><span style=\"color: #000000;\"><strong>2000 &#8211; 2002<\/strong><\/span><\/h4>\n<\/td>\n<td>\n<h4><span style=\"color: #000000;\">Art-th\u00e9rapeute dans les domaines de la psychiatrie et\u00a0 l&#8217;enseignement sp\u00e9cial.<\/span><\/h4>\n<\/td>\n<td>\n<h4><span style=\"color: #000000;\">Haarlem (NL) \u00a0\u00a0<\/span><\/h4>\n<\/td>\n<\/tr>\n<tr>\n<td colspan=\"3\">\n<h4><span style=\"color: #000000;\"><br \/>\n<span style=\"text-decoration: underline;\"><strong>\u00c9DUCATION<\/strong><\/span><\/span><\/h4>\n<\/td>\n<\/tr>\n<tr>\n<td>\n<h4><strong><span style=\"color: #000000;\">2009<\/span><\/strong><\/h4>\n<\/td>\n<td>\n<h4><span style=\"color: #000000;\"><strong>Masterclass sculpture sur pierre, par Adriaan Seelen en Gerard van Rooij<\/strong><\/span><\/h4>\n<\/td>\n<td>\n<h4><span style=\"color: #000000;\">France<\/span><\/h4>\n<\/td>\n<\/tr>\n<tr>\n<td>\n<h4><strong><span style=\"color: #000000;\">2008<\/span><\/strong><\/h4>\n<\/td>\n<td>\n<h4><span style=\"color: #000000;\"><strong>Apprentissage sculpture sur pierre d&#8217;Adriaan Seelen<\/strong><\/span><\/h4>\n<\/td>\n<td>\n<h4><span style=\"color: #000000;\">Rijen (NL)<\/span><\/h4>\n<\/td>\n<\/tr>\n<tr>\n<td>\n<h4><strong><span style=\"color: #000000;\">2003- 2004<\/span><\/strong><\/h4>\n<\/td>\n<td>\n<h4><span style=\"color: #000000;\"><strong>Apprentissage, ma\u00e7on Jan Nelissen<\/strong><\/span><\/h4>\n<\/td>\n<td>\n<h4><span style=\"color: #000000;\">Bunnik (NL)<\/span><\/h4>\n<\/td>\n<\/tr>\n<tr>\n<td>\n<h4><strong><span style=\"color: #000000;\">2001- 2002<\/span><\/strong><\/h4>\n<\/td>\n<td>\n<h4><span style=\"color: #000000;\"><strong>Foundry Stijlaart:<br \/>\n<\/strong>La fabrication de moules<br \/>\nMoulage et la finition des mod\u00e8les en cire<br \/>\nAssistance \u00e0 la r\u00e9alisation du Monument esclavage \u00e0 Amsterdam<\/span><\/h4>\n<\/td>\n<td>\n<h4><span style=\"color: #000000;\">Tiel (NL)<\/span><\/h4>\n<\/td>\n<\/tr>\n<tr>\n<td>\n<h4><strong><span style=\"color: #000000;\">1996 &#8211; 2000<\/span><\/strong><\/h4>\n<\/td>\n<td>\n<h4><span style=\"color: #000000;\"><strong>Classes sculpture sur pierre:<br \/>\nsculpteur sur pierre Cissy van der Wel<br \/>\nsculpteur sur pierre Riet van Nieuwenhuyzen<\/strong><\/span><\/h4>\n<\/td>\n<td>\n<h4><span style=\"color: #000000;\">Utrecht (NL)<\/span><br \/>\n<span style=\"color: #000000; font-family: inherit; font-size: inherit; line-height: 1.5;\">Langbroek (NL)<\/span><\/h4>\n<\/td>\n<\/tr>\n<tr>\n<td>\n<h4><strong><span style=\"color: #000000;\">1996- 2000<\/span><\/strong><\/h4>\n<\/td>\n<td>\n<h4><span style=\"color: #000000;\"><strong>Universit\u00e9 d&#8217;Utrecht:<br \/>\nArt-th\u00e9rapie, sp\u00e9cialit\u00e9: arts plastiques \/ visuels<\/strong><\/span><\/h4>\n<\/td>\n<td>\n<h4><span style=\"color: #000000;\">Amersfoort (NL)<\/span><\/h4>\n<\/td>\n<\/tr>\n<tr>\n<td colspan=\"3\">\n<h4><span style=\"color: #000000;\"><br \/>\n<span style=\"text-decoration: underline;\">Registre<\/span><br \/>\n<\/span><\/h4>\n<\/td>\n<\/tr>\n<tr>\n<td>\n<h4><strong><span style=\"color: #000000;\">2004- pr\u00e9sent<\/span><\/strong><\/h4>\n<\/td>\n<td>\n<h4><span style=\"color: #000000;\"><strong>BBK, Association professionnelle des artistes des arts visuels<\/strong><\/span><\/h4>\n<\/td>\n<td>\n<h4><span style=\"color: #000000;\">Amsterdam (NL)<\/span><\/h4>\n<\/td>\n<\/tr>\n<\/tbody>\n<\/table>\n<p><a href=\"https:\/\/www.jantienkahn.nl\/wp-content\/uploads\/2021\/12\/Jantien-Kahn-Artist-Profile-and-CV-2021.pdf\">cv download &#8211; 2021 ENG<\/a><\/p>\n","protected":false},"excerpt":{"rendered":"<p>EXP\u00c9RIENCE 2015 \u00a0 \u00a0 \u00a0 \u00a0 \u00a0 \u00a0 Artiste en r\u00e9sidence, La R\u00e9sidence des Arts, Moncontour\u00a0 Kalmthout (B) 2014 \u00a0 \u00a0 \u00a0 \u00a0 \u00a0\u00a0 Artiste en r\u00e9sidence, La R\u00e9sidence des Arts, Moncontour Bretagne (FR) 2013-pr\u00e9sent Entrepreneur \u00e0 &#8216;Kahn-Ehlhart Consult &amp; Creatie&#8217; Amsterdam (NL) 2009-2012 \u00a0 Conf\u00e9rences sur la sculpture sur pierre, la cr\u00e9ativit\u00e9 et le [&hellip;]<\/p>\n","protected":false},"author":1,"featured_media":0,"parent":0,"menu_order":0,"comment_status":"closed","ping_status":"closed","template":"templates\/full-width-page.php","meta":{"footnotes":""},"class_list":["post-234","page","type-page","status-publish","hentry"],"translation":{"provider":"WPGlobus","version":"3.0.0","language":"fr","enabled_languages":["nl","en","fr"],"languages":{"nl":{"title":true,"content":true,"excerpt":false},"en":{"title":true,"content":true,"excerpt":false},"fr":{"title":true,"content":true,"excerpt":false}}},"_links":{"self":[{"href":"https:\/\/www.jantienkahn.nl\/fr\/wp-json\/wp\/v2\/pages\/234","targetHints":{"allow":["GET"]}}],"collection":[{"href":"https:\/\/www.jantienkahn.nl\/fr\/wp-json\/wp\/v2\/pages"}],"about":[{"href":"https:\/\/www.jantienkahn.nl\/fr\/wp-json\/wp\/v2\/types\/page"}],"author":[{"embeddable":true,"href":"https:\/\/www.jantienkahn.nl\/fr\/wp-json\/wp\/v2\/users\/1"}],"replies":[{"embeddable":true,"href":"https:\/\/www.jantienkahn.nl\/fr\/wp-json\/wp\/v2\/comments?post=234"}],"version-history":[{"count":88,"href":"https:\/\/www.jantienkahn.nl\/fr\/wp-json\/wp\/v2\/pages\/234\/revisions"}],"predecessor-version":[{"id":3912,"href":"https:\/\/www.jantienkahn.nl\/fr\/wp-json\/wp\/v2\/pages\/234\/revisions\/3912"}],"wp:attachment":[{"href":"https:\/\/www.jantienkahn.nl\/fr\/wp-json\/wp\/v2\/media?parent=234"}],"curies":[{"name":"wp","href":"https:\/\/api.w.org\/{rel}","templated":true}]}}