{"id":4375,"date":"2023-06-27T13:14:37","date_gmt":"2023-06-27T12:14:37","guid":{"rendered":"https:\/\/www.jantienkahn.nl\/?page_id=4375"},"modified":"2023-12-17T12:00:43","modified_gmt":"2023-12-17T11:00:43","slug":"miniaturen","status":"publish","type":"page","link":"https:\/\/www.jantienkahn.nl\/fr\/miniaturen\/","title":{"rendered":"2023-2024"},"content":{"rendered":"\n<p class=\"has-drop-cap\">Les mini-sculptures de Jantien Kahn sont aussi raffin\u00e9es que ses plus grandes sculptures&nbsp;; Un cadeau ou un souvenir tr\u00e8s unique. Une miniature tient dans le creux de la main et co\u00fbte en moyenne 90 euros incluant un socle en pierre ou en bois si elle est repr\u00e9sent\u00e9e avec. Le suppl\u00e9ment pour l&#8217;exp\u00e9dition vers les pays de l&#8217;UE est de 10 \u20ac, hors UE de 20 \u20ac. Comme vous pouvez le voir, il existe de tr\u00e8s petits sp\u00e9cimens (la s\u00e9rie &#8216;Kleinduimpje&#8217;) pour 80 euros et des miniatures un peu plus grandes pour 100 euros.<\/p>\n\n\n<p>\r\n\t\t\t\t\t\n\r\n\t\t\t\t\t<!-- START UNITE GALLERY 1.7.62 -->\r\n\t\t\t\t\t\r\n\t\t\t\t\n\t\t\t<div id='unitegallery_110_1' class='unite-gallery' style='margin:0px auto;'>\n\t\t\t\t\n\n\t\t\t\t\t\t<img alt=\"1. Soft Caramel\"\n\t\t\t\t\t\t     src=\"\" data-image=\"https:\/\/www.jantienkahn.nl\/wp-content\/uploads\/2023\/12\/Soft-Caramel.jpeg\"\n\t\t\t\t\t\t     data-thumb=\"https:\/\/www.jantienkahn.nl\/wp-content\/uploads\/2023\/12\/Soft-Caramel-768x534.jpeg\"\n\t\t\t\t\t\t     title=\"\"\n\t\t\t\t\t\t     style=\"display:none\">\n\n\t\t\t\t\t\t<img alt=\"2. - sold - \"\n\t\t\t\t\t\t     src=\"\" data-image=\"https:\/\/www.jantienkahn.nl\/wp-content\/uploads\/2022\/11\/15.-Brown-Brazil-bijgesn.jpeg\"\n\t\t\t\t\t\t     data-thumb=\"https:\/\/www.jantienkahn.nl\/wp-content\/uploads\/2022\/11\/15.-Brown-Brazil-bijgesn-768x492.jpeg\"\n\t\t\t\t\t\t     title=\"\"\n\t\t\t\t\t\t     style=\"display:none\">\n\n\t\t\t\t\t\t<img alt=\"3. Beige Beauty 1\"\n\t\t\t\t\t\t     src=\"\" data-image=\"https:\/\/www.jantienkahn.nl\/wp-content\/uploads\/2022\/11\/13.-Beige-Beauty-bijgesn.jpeg\"\n\t\t\t\t\t\t     data-thumb=\"https:\/\/www.jantienkahn.nl\/wp-content\/uploads\/2022\/11\/13.-Beige-Beauty-bijgesn-768x493.jpeg\"\n\t\t\t\t\t\t     title=\"\"\n\t\t\t\t\t\t     style=\"display:none\">\n\n\t\t\t\t\t\t<img alt=\"4. - sold -\"\n\t\t\t\t\t\t     src=\"\" data-image=\"https:\/\/www.jantienkahn.nl\/wp-content\/uploads\/2022\/11\/5.-Southern-Gem-1-scaled.jpeg\"\n\t\t\t\t\t\t     data-thumb=\"https:\/\/www.jantienkahn.nl\/wp-content\/uploads\/2022\/11\/5.-Southern-Gem-1-768x513.jpeg\"\n\t\t\t\t\t\t     title=\"\"\n\t\t\t\t\t\t     style=\"display:none\">\n\n\t\t\t\t\t\t<img alt=\"5. Beige Beauty 2\"\n\t\t\t\t\t\t     src=\"\" data-image=\"https:\/\/www.jantienkahn.nl\/wp-content\/uploads\/2022\/11\/26.-Beige-Beauty.jpeg\"\n\t\t\t\t\t\t     data-thumb=\"https:\/\/www.jantienkahn.nl\/wp-content\/uploads\/2022\/11\/26.-Beige-Beauty-768x447.jpeg\"\n\t\t\t\t\t\t     title=\"\"\n\t\t\t\t\t\t     style=\"display:none\">\n\n\t\t\t\t\t\t<img alt=\"6 Southern Gem 2\"\n\t\t\t\t\t\t     src=\"\" data-image=\"https:\/\/www.jantienkahn.nl\/wp-content\/uploads\/2022\/11\/7.-Southern-Gem-2-scaled.jpeg\"\n\t\t\t\t\t\t     data-thumb=\"https:\/\/www.jantienkahn.nl\/wp-content\/uploads\/2022\/11\/7.-Southern-Gem-2-768x513.jpeg\"\n\t\t\t\t\t\t     title=\"\"\n\t\t\t\t\t\t     style=\"display:none\">\n\n\t\t\t\t\t\t<img alt=\"7. - sold -\"\n\t\t\t\t\t\t     src=\"\" data-image=\"https:\/\/www.jantienkahn.nl\/wp-content\/uploads\/2023\/12\/Beige-Beauty-3.jpeg\"\n\t\t\t\t\t\t     data-thumb=\"https:\/\/www.jantienkahn.nl\/wp-content\/uploads\/2023\/12\/Beige-Beauty-3-768x513.jpeg\"\n\t\t\t\t\t\t     title=\"\"\n\t\t\t\t\t\t     style=\"display:none\">\n\n\t\t\t\t\t\t<img alt=\"8. Spacey Green\"\n\t\t\t\t\t\t     src=\"\" data-image=\"https:\/\/www.jantienkahn.nl\/wp-content\/uploads\/2022\/11\/9.Spacey-Green-.jpeg\"\n\t\t\t\t\t\t     data-thumb=\"https:\/\/www.jantienkahn.nl\/wp-content\/uploads\/2022\/11\/9.Spacey-Green--768x466.jpeg\"\n\t\t\t\t\t\t     title=\"\"\n\t\t\t\t\t\t     style=\"display:none\">\n\n\t\t\t\t\t\t<img alt=\"9. - sold -\"\n\t\t\t\t\t\t     src=\"\" data-image=\"https:\/\/www.jantienkahn.nl\/wp-content\/uploads\/2022\/11\/10.-Thumb-up-scaled.jpeg\"\n\t\t\t\t\t\t     data-thumb=\"https:\/\/www.jantienkahn.nl\/wp-content\/uploads\/2022\/11\/10.-Thumb-up-768x513.jpeg\"\n\t\t\t\t\t\t     title=\"\"\n\t\t\t\t\t\t     style=\"display:none\">\n\n\t\t\t\t\t\t<img alt=\"10. Little Dino\"\n\t\t\t\t\t\t     src=\"\" data-image=\"https:\/\/www.jantienkahn.nl\/wp-content\/uploads\/2023\/12\/Little-Dino.jpeg\"\n\t\t\t\t\t\t     data-thumb=\"https:\/\/www.jantienkahn.nl\/wp-content\/uploads\/2023\/12\/Little-Dino-768x619.jpeg\"\n\t\t\t\t\t\t     title=\"\"\n\t\t\t\t\t\t     style=\"display:none\">\n\n\t\t\t\t\t\t<img alt=\"11. Hidden shape 1\"\n\t\t\t\t\t\t     src=\"\" data-image=\"https:\/\/www.jantienkahn.nl\/wp-content\/uploads\/2022\/11\/11.-alabaster-hidden-as-it-were-bijgesn.jpeg\"\n\t\t\t\t\t\t     data-thumb=\"https:\/\/www.jantienkahn.nl\/wp-content\/uploads\/2022\/11\/11.-alabaster-hidden-as-it-were-bijgesn-768x453.jpeg\"\n\t\t\t\t\t\t     title=\"\"\n\t\t\t\t\t\t     style=\"display:none\">\n\n\t\t\t\t\t\t<img alt=\"12. Vleugeltje\"\n\t\t\t\t\t\t     src=\"\" data-image=\"https:\/\/www.jantienkahn.nl\/wp-content\/uploads\/2023\/12\/Vleugeltje.jpeg\"\n\t\t\t\t\t\t     data-thumb=\"https:\/\/www.jantienkahn.nl\/wp-content\/uploads\/2023\/12\/Vleugeltje-768x562.jpeg\"\n\t\t\t\t\t\t     title=\"\"\n\t\t\t\t\t\t     style=\"display:none\">\n\n\t\t\t\t\t\t<img alt=\"13. Southern Gem 4\"\n\t\t\t\t\t\t     src=\"\" data-image=\"https:\/\/www.jantienkahn.nl\/wp-content\/uploads\/2022\/11\/15.-brown-Brazil-bijgen.jpeg\"\n\t\t\t\t\t\t     data-thumb=\"https:\/\/www.jantienkahn.nl\/wp-content\/uploads\/2022\/11\/15.-brown-Brazil-bijgen-768x430.jpeg\"\n\t\t\t\t\t\t     title=\"\"\n\t\t\t\t\t\t     style=\"display:none\">\n\n\t\t\t\t\t\t<img alt=\"14. Kleinduimpje\"\n\t\t\t\t\t\t     src=\"\" data-image=\"https:\/\/www.jantienkahn.nl\/wp-content\/uploads\/2022\/11\/17.-Kleinduimpje-bijgesn.jpeg\"\n\t\t\t\t\t\t     data-thumb=\"https:\/\/www.jantienkahn.nl\/wp-content\/uploads\/2022\/11\/17.-Kleinduimpje-bijgesn-768x465.jpeg\"\n\t\t\t\t\t\t     title=\"\"\n\t\t\t\t\t\t     style=\"display:none\">\n\n\t\t\t\t\t\t<img alt=\"15. Zoetje\"\n\t\t\t\t\t\t     src=\"\" data-image=\"https:\/\/www.jantienkahn.nl\/wp-content\/uploads\/2022\/11\/3.-Zoetje.jpeg\"\n\t\t\t\t\t\t     data-thumb=\"https:\/\/www.jantienkahn.nl\/wp-content\/uploads\/2022\/11\/3.-Zoetje-768x513.jpeg\"\n\t\t\t\t\t\t     title=\"\"\n\t\t\t\t\t\t     style=\"display:none\">\n\t\t\t<\/div>\n\n\t\t\t<script type='text\/javascript'>\n\t\t\t\twindow.onload = function(e) {\n\t\t\t\t\tif(typeof ugCheckForErrors == \"undefined\"){\n\t\t\t\t\t\tdocument.getElementById(\"unitegallery_110_1\").innerHTML = \"<span style='color:red'>Unite Gallery Error - gallery js and css files not included in the footer. Please make sure that wp_footer() function is added to your theme.<\/span>\";}\n\t\t\t\t\telse{ ugCheckForErrors(\"unitegallery_110_1\", \"jquery\");}\n\t\t\t\t};\n\t\t\t<\/script>\n\n\t\t\t<!-- END UNITEGALLERY --><\/p>\n\n\n\n<p class=\"has-drop-cap\"><\/p>\n\n\n\n<p>Faites-nous savoir le num\u00e9ro et le nom de votre miniature souhait\u00e9e via le formulaire de <a href=\"https:\/\/www.jantienkahn.nl\/fr\/contact\/\" data-type=\"URL\" data-id=\"https:\/\/www.jantienkahn.nl\/fr\/contact\/\">contact<\/a> ou directement par t\u00e9l\u00e9phone ou par e-mail. Nous vous ferons savoir imm\u00e9diatement si la mini sculpture est effectivement toujours disponible et vous enverrons les d\u00e9tails du paiement. D\u00e8s r\u00e9ception de votre paiement, nous exp\u00e9dierons la mini sculpture. La prise en charge \u00e0 Amsterdam est bien s\u00fbr toujours possible !<\/p>\n","protected":false},"excerpt":{"rendered":"<p>Les mini-sculptures de Jantien Kahn sont aussi raffin\u00e9es que ses plus grandes sculptures&nbsp;; Un cadeau ou un souvenir tr\u00e8s unique. Une miniature tient dans le creux de la main et co\u00fbte en moyenne 90 euros incluant un socle en pierre ou en bois si elle est repr\u00e9sent\u00e9e avec. Le suppl\u00e9ment pour l&#8217;exp\u00e9dition vers les pays [&hellip;]<\/p>\n","protected":false},"author":3,"featured_media":0,"parent":0,"menu_order":0,"comment_status":"closed","ping_status":"closed","template":"templates\/full-width-page.php","meta":{"footnotes":""},"class_list":["post-4375","page","type-page","status-publish","hentry"],"translation":{"provider":"WPGlobus","version":"3.0.0","language":"fr","enabled_languages":["nl","en","fr"],"languages":{"nl":{"title":true,"content":true,"excerpt":false},"en":{"title":true,"content":true,"excerpt":false},"fr":{"title":true,"content":true,"excerpt":false}}},"_links":{"self":[{"href":"https:\/\/www.jantienkahn.nl\/fr\/wp-json\/wp\/v2\/pages\/4375","targetHints":{"allow":["GET"]}}],"collection":[{"href":"https:\/\/www.jantienkahn.nl\/fr\/wp-json\/wp\/v2\/pages"}],"about":[{"href":"https:\/\/www.jantienkahn.nl\/fr\/wp-json\/wp\/v2\/types\/page"}],"author":[{"embeddable":true,"href":"https:\/\/www.jantienkahn.nl\/fr\/wp-json\/wp\/v2\/users\/3"}],"replies":[{"embeddable":true,"href":"https:\/\/www.jantienkahn.nl\/fr\/wp-json\/wp\/v2\/comments?post=4375"}],"version-history":[{"count":28,"href":"https:\/\/www.jantienkahn.nl\/fr\/wp-json\/wp\/v2\/pages\/4375\/revisions"}],"predecessor-version":[{"id":4461,"href":"https:\/\/www.jantienkahn.nl\/fr\/wp-json\/wp\/v2\/pages\/4375\/revisions\/4461"}],"wp:attachment":[{"href":"https:\/\/www.jantienkahn.nl\/fr\/wp-json\/wp\/v2\/media?parent=4375"}],"curies":[{"name":"wp","href":"https:\/\/api.w.org\/{rel}","templated":true}]}}