{"id":5149,"date":"2024-06-14T15:24:04","date_gmt":"2024-06-14T14:24:04","guid":{"rendered":"https:\/\/www.jantienkahn.nl\/?page_id=5149"},"modified":"2024-06-14T15:24:04","modified_gmt":"2024-06-14T14:24:04","slug":"de-kunstcooperatie-vervolg","status":"publish","type":"page","link":"https:\/\/www.jantienkahn.nl\/fr\/de-kunstcooperatie-vervolg\/","title":{"rendered":"De Kunstco\u00f6peratie &#8211; vervolg"},"content":{"rendered":"\n<div class=\"wp-block-cover is-light has-custom-content-position is-position-top-center\" style=\"min-height:407px;aspect-ratio:unset;\"><span aria-hidden=\"true\" class=\"has-cyan-bluish-gray-background-color wp-block-cover__gradient-background has-background-dim\"><\/span><img loading=\"lazy\" decoding=\"async\" width=\"640\" height=\"960\" class=\"wp-block-cover__image-background wp-image-5154\" alt=\"\" src=\"https:\/\/www.jantienkahn.nl\/wp-content\/uploads\/2024\/06\/lArt-au-Manoir-Taden-copyright-\u00a9-2024-J.-Ehlhart.jpg\" style=\"object-position:63% 27%\" data-object-fit=\"cover\" data-object-position=\"63% 27%\" srcset=\"https:\/\/www.jantienkahn.nl\/wp-content\/uploads\/2024\/06\/lArt-au-Manoir-Taden-copyright-\u00a9-2024-J.-Ehlhart.jpg 640w, https:\/\/www.jantienkahn.nl\/wp-content\/uploads\/2024\/06\/lArt-au-Manoir-Taden-copyright-\u00a9-2024-J.-Ehlhart-200x300.jpg 200w, https:\/\/www.jantienkahn.nl\/wp-content\/uploads\/2024\/06\/lArt-au-Manoir-Taden-copyright-\u00a9-2024-J.-Ehlhart-512x768.jpg 512w\" sizes=\"auto, (max-width: 640px) 100vw, 640px\" \/><div class=\"wp-block-cover__inner-container is-layout-flow wp-block-cover-is-layout-flow\">\n<p class=\"has-text-align-center has-white-color has-text-color has-large-font-size\"><strong>Hoe het werkt en hoe je meedoet<\/strong><\/p>\n<\/div><\/div>\n\n\n\n<p class=\"has-background\" style=\"background-color:#f0f0f0\">De Kunstco\u00f6peratie is een samenwerkingsverband tussen actieve scheppende kunstenaars en financi\u00eble ondersteuners dat de kunstenaars helpt bij het tot stand komen, uitvoeren en organiseren van kunstwerken en kunstprojecten.\u00a0Een gemeenschap van talent en middelen ter facilitering van de kunsten.\u00a0<br><br>Het fundamentele verschil met een stichting of crowdfunding is de blijvende verbinding tussen makers en gevers.<br><\/p>\n\n\n\n<p class=\"has-background\" style=\"background-color:#f0f0f0\">De Kunstco\u00f6peratie wil graag bouwen. Meer kunstenaars enthousiasmeren die gaan deelnemen aan deze community en meer mensen of bedrijven vinden die graag willen bijdragen aan het ontstaan van beeldend werk, muziek of dans(-voorstellingen). Het gaat erom om met elkaar te ondernemen en van elkaar te leren. Zo maken en onderhouden we samen een bestaanswaarborg voor kunstenaars.<\/p>\n\n\n\n<hr class=\"wp-block-separator\"\/>\n\n\n\n<p>HOE WERKT HET?<\/p>\n\n\n\n<ol type=\"1\" class=\"has-background wp-block-list\" style=\"background-color:#f0f0f0\"><li>E<strong>r zijn 3 soorten<\/strong>&nbsp;potenti\u00eble deelnemers\/ leden: A-leden of makers van kunstwerken, B-leden of particuliere financi\u00eble ondersteuners en C-leden of bedrijven die instappen om de financi\u00eble gezondheid van De Kunstco\u00f6peratie te waarborgen.&nbsp;<br><\/li><li><strong>De eerste bijdrage<\/strong>&nbsp;om lid te kunnen worden is 10 euro voor particulieren en 100 euro voor bedrijven.&nbsp;<br><\/li><li><strong>De kunstenaars<\/strong>&nbsp;geven inzage in wat hun materi\u00eble en financi\u00eble noden via een bericht of nieuwsbrief aan hun eigen ondersteunende netwerk binnen De Kunstco\u00f6peratie.<br><\/li><li><strong>De deelnemers doen een bijdrage<\/strong>, als ze middelen beschikbaar kunnen stellen. De hoogte van een nieuwe inleg (een veelvoud van 10 euro) is aan de deelnemer zelf.&nbsp;<br><\/li><li><strong>B- en C-leden\/ deelnemers ondersteunen<\/strong>&nbsp;zo het werk, artistiek leven of een specifiek project van de kunstenaar (het A-lid) en worden tevens certificaathouder en mede-eigenaar van deze kunstonderneming.<br><\/li><li><strong>Kunstenaars betrekken<\/strong>&nbsp;de deelnemers actief bij recente ontwikkelingen en geven regelmatig een update over de voortgang van hun&nbsp;werk en aankomende uitvoeringen\/tentoonstellingen.&nbsp;&nbsp;<br><\/li><li><strong>Tenminste 1 x per jaar<\/strong>&nbsp;organiseren we (naast de \u2018verplichte algemene ledenvergadering) een bijeenkomst voor alle betrokken deelnemers en \u2018makers\u2019.&nbsp;<br><\/li><li><strong>De Kunstco\u00f6peratie kent een bestuur<\/strong>&nbsp;dat op dit moment bestaat uit: Jantien Kahn, Reinoud van Bemmelen en Jessie Ehlhart.<\/li><\/ol>\n\n\n\n<p class=\"has-background\" style=\"background-color:#f0f0f0\"><br><strong>Het zou geweldig zijn als je wilt instappen als ondersteuner van mijn werk en ons netwerk. Dat kan met een bijdrage vanaf 10 euro!<\/strong><\/p>\n\n\n\n<hr class=\"wp-block-separator\"\/>\n\n\n\n<p>WIE KUNNEN MEEDOEN?<\/p>\n\n\n\n<ul class=\"has-background wp-block-list\" style=\"background-color:#f0f0f0\"><li><strong>Kunstenaars<\/strong>\u00a0die graag deel willen uitmaken van deze community om van elkaar te leren, elkaar te ondersteunen om zo vanuit De Kunstco\u00f6peratie hun eigen ondersteunende netwerk te bouwen. Als ge\u00efnteresseerde kunstenaar meld je je aan bij ons, maken we kennis en kijken we of dit initiatief bij jou en ons past. Dan kan je instappen als zogenaamd A-lid.\u00a0<br><\/li><li><strong>Particulieren<\/strong>\u00a0die nu, af en toe of in de nabije toekomst beschikking hebben over geld dat ze graag zouden willen inzetten voor de voortgang van mijn werk in het bijzonder of de kunsten in het algemeen. Iedereen die \u20ac10,- of een veelvoud daarvan overmaakt kan meteen B-lid worden.\u00a0<br><\/li><li><strong>Bedrijven<\/strong>\u00a0die het een goed idee vinden om een deel van hun beschikbare middelen in kunst te investeren. Wanneer je ge\u00efnteresseerd bent met je bedrijf in te stappen, mail je ons en brengen we je aanvraag om C-lid te worden in bij het bestuur.\u00a0<br><br><br><\/li><\/ul>\n\n\n\n<p class=\"has-text-align-center has-background\" style=\"background-color:#f0f0f0\">Wil je meedoen, ga dan naar: <\/p>\n\n\n\n<div class=\"wp-block-buttons is-content-justification-center is-layout-flex wp-container-core-buttons-is-layout-16018d1d wp-block-buttons-is-layout-flex\">\n<div class=\"wp-block-button has-custom-font-size is-style-fill has-large-font-size\"><a class=\"wp-block-button__link has-white-color has-luminous-vivid-amber-to-luminous-vivid-orange-gradient-background has-text-color has-background\" href=\"https:\/\/kunstcooperatie.nl\" style=\"border-radius:0px\" target=\"_blank\" rel=\"noreferrer noopener\"><strong>www. kunstcooperatie.nl<\/strong><\/a><\/div>\n<\/div>\n","protected":false},"excerpt":{"rendered":"<p>De Kunstco\u00f6peratie is een samenwerkingsverband tussen actieve scheppende kunstenaars en financi\u00eble ondersteuners dat de kunstenaars helpt bij het tot stand komen, uitvoeren en organiseren van kunstwerken en kunstprojecten.\u00a0Een gemeenschap van talent en middelen ter facilitering van de kunsten.\u00a0 Het fundamentele verschil met een stichting of crowdfunding is de blijvende verbinding tussen makers en gevers. De [&hellip;]<\/p>\n","protected":false},"author":2,"featured_media":0,"parent":0,"menu_order":0,"comment_status":"closed","ping_status":"closed","template":"templates\/full-width-page.php","meta":{"footnotes":""},"class_list":["post-5149","page","type-page","status-publish","hentry"],"translation":{"provider":"WPGlobus","version":"3.0.0","language":"fr","enabled_languages":["nl","en","fr"],"languages":{"nl":{"title":true,"content":true,"excerpt":false},"en":{"title":false,"content":false,"excerpt":false},"fr":{"title":false,"content":false,"excerpt":false}}},"_links":{"self":[{"href":"https:\/\/www.jantienkahn.nl\/fr\/wp-json\/wp\/v2\/pages\/5149","targetHints":{"allow":["GET"]}}],"collection":[{"href":"https:\/\/www.jantienkahn.nl\/fr\/wp-json\/wp\/v2\/pages"}],"about":[{"href":"https:\/\/www.jantienkahn.nl\/fr\/wp-json\/wp\/v2\/types\/page"}],"author":[{"embeddable":true,"href":"https:\/\/www.jantienkahn.nl\/fr\/wp-json\/wp\/v2\/users\/2"}],"replies":[{"embeddable":true,"href":"https:\/\/www.jantienkahn.nl\/fr\/wp-json\/wp\/v2\/comments?post=5149"}],"version-history":[{"count":6,"href":"https:\/\/www.jantienkahn.nl\/fr\/wp-json\/wp\/v2\/pages\/5149\/revisions"}],"predecessor-version":[{"id":5159,"href":"https:\/\/www.jantienkahn.nl\/fr\/wp-json\/wp\/v2\/pages\/5149\/revisions\/5159"}],"wp:attachment":[{"href":"https:\/\/www.jantienkahn.nl\/fr\/wp-json\/wp\/v2\/media?parent=5149"}],"curies":[{"name":"wp","href":"https:\/\/api.w.org\/{rel}","templated":true}]}}